{"id":835,"date":"2024-04-06T10:54:08","date_gmt":"2024-04-06T11:54:08","guid":{"rendered":"https:\/\/nightanimation.com\/?page_id=835"},"modified":"2024-04-07T19:12:06","modified_gmt":"2024-04-07T20:12:06","slug":"vente","status":"publish","type":"page","link":"https:\/\/nightanimation.com\/?page_id=835","title":{"rendered":"Vente &#038; maintenance"},"content":{"rendered":"<p><strong>Vente de mat\u00e9riel neuf et occasion<\/strong> audiovisuel, DJ, animation, sono, hifi, \u00e9lectricit\u00e9, outillages, \u00e9chelles, nacelles dans la r\u00e9gion de Amb\u00e9rieu-en-Bugey, Belley, Bourgoin-Jallieu, Bourg-en-Bresse, Lyon, Grenoble \u2026<\/p>\n<p>Depuis peu Night Animation Events se lance dans la vente et l&rsquo;installation\/int\u00e9gration de materiel des plus grandes marques comme ASD, Shure, RCF, American DJ, Antari, Martin, Aka\u00ef, Audiophony, HK audio, Magic FX, DJ power, Chauvet professional, Christie, DB technologies, Eurolite, Flash, Nicols, JB Lighting, LD syst\u00e8me, tubesca, black magic, Titanex etc &#8230;<\/p>\n<p>Plus de 700 Marques disponibles et plus de 30 000 r\u00e9f\u00e9rences<\/p>\n<p><strong>maintenance et r\u00e9paration\u00a0<\/strong>de votre materiel audiovisuel, mais \u00e9galement hifi, TV, \u00e9lectromenager dans la r\u00e9gion de Amb\u00e9rieu-en-Bugey, Belley, Bourgoin-Jallieu, Bourg-en-Bresse, Lyon, Grenoble \u2026<\/p>\n<p>Contactez-nous, nous r\u00e9pondrons \u00e0 vos demandes !<\/p>\n<p>&nbsp;<\/p>\n<p><img loading=\"lazy\" decoding=\"async\" class=\"aligncenter size-full wp-image-916\" src=\"https:\/\/nightanimation.com\/wp-content\/uploads\/2024\/04\/SIGNATURE-COMPTACLIENT.jpg\" alt=\"\" width=\"537\" height=\"293\" srcset=\"https:\/\/nightanimation.com\/wp-content\/uploads\/2024\/04\/SIGNATURE-COMPTACLIENT.jpg 537w, https:\/\/nightanimation.com\/wp-content\/uploads\/2024\/04\/SIGNATURE-COMPTACLIENT-300x164.jpg 300w\" sizes=\"(max-width: 537px) 100vw, 537px\" \/><\/p>\n<p>&nbsp;<\/p>\n<p>&nbsp;<\/p>\n","protected":false},"excerpt":{"rendered":"<p>Vente de mat\u00e9riel neuf et occasion audiovisuel, DJ, animation, sono, hifi, \u00e9lectricit\u00e9, outillages, \u00e9chelles, nacelles dans la r\u00e9gion de Amb\u00e9rieu-en-Bugey, Belley, Bourgoin-Jallieu, Bourg-en-Bresse, Lyon, Grenoble \u2026 Depuis peu Night Animation &hellip; <\/p>\n<p class=\"link-more\"><a href=\"https:\/\/nightanimation.com\/?page_id=835\" class=\"more-link\">Continuer la lecture<span class=\"screen-reader-text\"> de &laquo;&nbsp;Vente &#038; maintenance&nbsp;&raquo;<\/span><\/a><\/p>\n","protected":false},"author":1,"featured_media":0,"parent":0,"menu_order":0,"comment_status":"closed","ping_status":"closed","template":"","meta":{"footnotes":""},"class_list":["post-835","page","type-page","status-publish","hentry"],"_links":{"self":[{"href":"https:\/\/nightanimation.com\/index.php?rest_route=\/wp\/v2\/pages\/835"}],"collection":[{"href":"https:\/\/nightanimation.com\/index.php?rest_route=\/wp\/v2\/pages"}],"about":[{"href":"https:\/\/nightanimation.com\/index.php?rest_route=\/wp\/v2\/types\/page"}],"author":[{"embeddable":true,"href":"https:\/\/nightanimation.com\/index.php?rest_route=\/wp\/v2\/users\/1"}],"replies":[{"embeddable":true,"href":"https:\/\/nightanimation.com\/index.php?rest_route=%2Fwp%2Fv2%2Fcomments&post=835"}],"version-history":[{"count":9,"href":"https:\/\/nightanimation.com\/index.php?rest_route=\/wp\/v2\/pages\/835\/revisions"}],"predecessor-version":[{"id":922,"href":"https:\/\/nightanimation.com\/index.php?rest_route=\/wp\/v2\/pages\/835\/revisions\/922"}],"wp:attachment":[{"href":"https:\/\/nightanimation.com\/index.php?rest_route=%2Fwp%2Fv2%2Fmedia&parent=835"}],"curies":[{"name":"wp","href":"https:\/\/api.w.org\/{rel}","templated":true}]}}