{"id":82,"date":"2018-12-20T14:04:39","date_gmt":"2018-12-20T15:04:39","guid":{"rendered":"http:\/\/nightanimation.fr\/?page_id=82"},"modified":"2024-10-09T15:34:59","modified_gmt":"2024-10-09T16:34:59","slug":"accueil","status":"publish","type":"page","link":"https:\/\/nightanimation.com\/","title":{"rendered":"Accueil"},"content":{"rendered":"\r\n<p>&nbsp;<\/p>\r\n<p><img loading=\"lazy\" decoding=\"async\" class=\"aligncenter wp-image-951 \" src=\"https:\/\/nightanimation.com\/wp-content\/uploads\/2024\/10\/LOGO_sans_fond_pour_support_clair.png\" alt=\"\" width=\"241\" height=\"61\" srcset=\"https:\/\/nightanimation.com\/wp-content\/uploads\/2024\/10\/LOGO_sans_fond_pour_support_clair.png 1100w, https:\/\/nightanimation.com\/wp-content\/uploads\/2024\/10\/LOGO_sans_fond_pour_support_clair-300x76.png 300w, https:\/\/nightanimation.com\/wp-content\/uploads\/2024\/10\/LOGO_sans_fond_pour_support_clair-1024x259.png 1024w, https:\/\/nightanimation.com\/wp-content\/uploads\/2024\/10\/LOGO_sans_fond_pour_support_clair-768x194.png 768w\" sizes=\"(max-width: 241px) 100vw, 241px\" \/><\/p>\r\n<p style=\"text-align: center;\"><span style=\"font-size: 14pt;\">Bienvenu !<\/span><\/p>\r\n<p style=\"text-align: center;\"><strong>Night Animation Events<\/strong> vous propose son savoir-faire, son exp\u00e9rience et ses moyens techniques afin de r\u00e9ussir votre projet !<\/p>\r\n<p style=\"text-align: center;\">Que vous soyez une association, un professionnel ou un particulier, Night Animation Events saura r\u00e9pondre \u00e0 vos demandes !<\/p>\r\n<p style=\"text-align: center;\">Nous sommes diversifi\u00e9s : sonorisation et \u00e9clairage de concert, animations de bals publics ou priv\u00e9s, soir\u00e9es \u00e0 th\u00e8me (karaok\u00e9, mousse\u2026), sonorisation de s\u00e9minaires, \u00e9v\u00e9nements sportifs, mise en lumi\u00e8re de lieux ou de salles ou encore tout types d\u2019\u00e9v\u00e9nements priv\u00e9s (anniversaires, mariages, bapt\u00eames etc\u2026), effets sp\u00e9ciaux (confettis, flammes, \u00e9tincelles froides&#8230;) et d\u00e9cor dans la r\u00e9gion de Amb\u00e9rieu-en-Bugey, Belley, Bourgoin-Jallieu, Bourg-en-Bresse, Lyon, Grenoble \u2026.<\/p>\r\n<p style=\"text-align: center;\">Vous pouvez nous contacter via notre adresse mail, nos r\u00e9seaux sociaux, ou directement nous appeler pour plus d\u2019informations, demandes ou devis (devis gratuit)<\/p>\r\n<p style=\"text-align: center;\">\u00a0<\/p>","protected":false},"excerpt":{"rendered":"<p>&nbsp; Bienvenu ! Night Animation Events vous propose son savoir-faire, son exp\u00e9rience et ses moyens techniques afin de r\u00e9ussir votre projet ! Que vous soyez une association, un professionnel ou &hellip; <\/p>\n<p class=\"link-more\"><a href=\"https:\/\/nightanimation.com\/\" class=\"more-link\">Continuer la lecture<span class=\"screen-reader-text\"> de &laquo;&nbsp;Accueil&nbsp;&raquo;<\/span><\/a><\/p>\n","protected":false},"author":1,"featured_media":0,"parent":0,"menu_order":0,"comment_status":"closed","ping_status":"closed","template":"","meta":{"footnotes":""},"class_list":["post-82","page","type-page","status-publish","hentry"],"_links":{"self":[{"href":"https:\/\/nightanimation.com\/index.php?rest_route=\/wp\/v2\/pages\/82"}],"collection":[{"href":"https:\/\/nightanimation.com\/index.php?rest_route=\/wp\/v2\/pages"}],"about":[{"href":"https:\/\/nightanimation.com\/index.php?rest_route=\/wp\/v2\/types\/page"}],"author":[{"embeddable":true,"href":"https:\/\/nightanimation.com\/index.php?rest_route=\/wp\/v2\/users\/1"}],"replies":[{"embeddable":true,"href":"https:\/\/nightanimation.com\/index.php?rest_route=%2Fwp%2Fv2%2Fcomments&post=82"}],"version-history":[{"count":20,"href":"https:\/\/nightanimation.com\/index.php?rest_route=\/wp\/v2\/pages\/82\/revisions"}],"predecessor-version":[{"id":952,"href":"https:\/\/nightanimation.com\/index.php?rest_route=\/wp\/v2\/pages\/82\/revisions\/952"}],"wp:attachment":[{"href":"https:\/\/nightanimation.com\/index.php?rest_route=%2Fwp%2Fv2%2Fmedia&parent=82"}],"curies":[{"name":"wp","href":"https:\/\/api.w.org\/{rel}","templated":true}]}}