{"id":720,"date":"2022-05-17T02:50:08","date_gmt":"2022-05-17T03:50:08","guid":{"rendered":"https:\/\/nightanimation.com\/?page_id=720"},"modified":"2024-09-17T06:36:33","modified_gmt":"2024-09-17T07:36:33","slug":"alimentaire-mobiliers","status":"publish","type":"page","link":"https:\/\/nightanimation.com\/?page_id=720","title":{"rendered":"alimentaire \/ mobiliers"},"content":{"rendered":"<p>Mat\u00e9riel de petite restauration (machines \u00e0 hot dog, frites, tireuse \u00e0 bi\u00e8re etc&#8230;), le mobiliers (mange debout, tables, chaises etc&#8230;), location et installation de barnums, ch\u00e2teaux gonflables etc..<\/p>\n<p>Vous pouvez donc nous adresser vos demandes en nous contactant.<\/p>\n","protected":false},"excerpt":{"rendered":"<p>Mat\u00e9riel de petite restauration (machines \u00e0 hot dog, frites, tireuse \u00e0 bi\u00e8re etc&#8230;), le mobiliers (mange debout, tables, chaises etc&#8230;), location et installation de barnums, ch\u00e2teaux gonflables etc.. Vous pouvez &hellip; <\/p>\n<p class=\"link-more\"><a href=\"https:\/\/nightanimation.com\/?page_id=720\" class=\"more-link\">Continuer la lecture<span class=\"screen-reader-text\"> de &laquo;&nbsp;alimentaire \/ mobiliers&nbsp;&raquo;<\/span><\/a><\/p>\n","protected":false},"author":1,"featured_media":0,"parent":168,"menu_order":0,"comment_status":"closed","ping_status":"closed","template":"","meta":{"footnotes":""},"class_list":["post-720","page","type-page","status-publish","hentry"],"_links":{"self":[{"href":"https:\/\/nightanimation.com\/index.php?rest_route=\/wp\/v2\/pages\/720"}],"collection":[{"href":"https:\/\/nightanimation.com\/index.php?rest_route=\/wp\/v2\/pages"}],"about":[{"href":"https:\/\/nightanimation.com\/index.php?rest_route=\/wp\/v2\/types\/page"}],"author":[{"embeddable":true,"href":"https:\/\/nightanimation.com\/index.php?rest_route=\/wp\/v2\/users\/1"}],"replies":[{"embeddable":true,"href":"https:\/\/nightanimation.com\/index.php?rest_route=%2Fwp%2Fv2%2Fcomments&post=720"}],"version-history":[{"count":2,"href":"https:\/\/nightanimation.com\/index.php?rest_route=\/wp\/v2\/pages\/720\/revisions"}],"predecessor-version":[{"id":929,"href":"https:\/\/nightanimation.com\/index.php?rest_route=\/wp\/v2\/pages\/720\/revisions\/929"}],"up":[{"embeddable":true,"href":"https:\/\/nightanimation.com\/index.php?rest_route=\/wp\/v2\/pages\/168"}],"wp:attachment":[{"href":"https:\/\/nightanimation.com\/index.php?rest_route=%2Fwp%2Fv2%2Fmedia&parent=720"}],"curies":[{"name":"wp","href":"https:\/\/api.w.org\/{rel}","templated":true}]}}