{"id":716,"date":"2022-05-17T02:43:23","date_gmt":"2022-05-17T03:43:23","guid":{"rendered":"https:\/\/nightanimation.com\/?page_id=716"},"modified":"2022-05-18T02:45:23","modified_gmt":"2022-05-18T03:45:23","slug":"effets-speciaux","status":"publish","type":"page","link":"https:\/\/nightanimation.com\/?page_id=716","title":{"rendered":"Effets sp\u00e9ciaux"},"content":{"rendered":"<p>Nous sommes sp\u00e9cialis\u00e9 dans la location de mat\u00e9riel audiovisuel aussi bien pour les particuliers que pour les professionnels mais toujours avec des produits de qualit\u00e9s. Louer un produit est pour nous un service ax\u00e9 sur le conseil, la r\u00e9activit\u00e9 mais \u00e9galement une quantit\u00e9 de mat\u00e9riel disponible en parfait \u00e9tat pour une client\u00e8le priv\u00e9e et professionnelle.Nous proposons de multiples r\u00e9f\u00e9rences \u00e0 la location et renouvelons en permanence notre parc. Notre mat\u00e9riel subit un test \u00e0 chaque location pour s&rsquo;assurer du parfait fonctionnement.<\/p>\n<p>Nous proposons \u00e9galement la livraison et l\u2019enl\u00e8vement sur site si besoin<\/p>\n<p>PDF en cours de r\u00e9daction. Contactez-nous pour toutes demandes.<\/p>\n<p><img loading=\"lazy\" decoding=\"async\" class=\"aligncenter wp-image-710\" src=\"https:\/\/nightanimation.com\/wp-content\/uploads\/2022\/05\/under-construction-gif-11.gif\" alt=\"\" width=\"250\" height=\"182\" \/><\/p>\n","protected":false},"excerpt":{"rendered":"<p>Nous sommes sp\u00e9cialis\u00e9 dans la location de mat\u00e9riel audiovisuel aussi bien pour les particuliers que pour les professionnels mais toujours avec des produits de qualit\u00e9s. Louer un produit est pour &hellip; <\/p>\n<p class=\"link-more\"><a href=\"https:\/\/nightanimation.com\/?page_id=716\" class=\"more-link\">Continuer la lecture<span class=\"screen-reader-text\"> de &laquo;&nbsp;Effets sp\u00e9ciaux&nbsp;&raquo;<\/span><\/a><\/p>\n","protected":false},"author":1,"featured_media":0,"parent":168,"menu_order":0,"comment_status":"closed","ping_status":"closed","template":"","meta":{"footnotes":""},"class_list":["post-716","page","type-page","status-publish","hentry"],"_links":{"self":[{"href":"https:\/\/nightanimation.com\/index.php?rest_route=\/wp\/v2\/pages\/716"}],"collection":[{"href":"https:\/\/nightanimation.com\/index.php?rest_route=\/wp\/v2\/pages"}],"about":[{"href":"https:\/\/nightanimation.com\/index.php?rest_route=\/wp\/v2\/types\/page"}],"author":[{"embeddable":true,"href":"https:\/\/nightanimation.com\/index.php?rest_route=\/wp\/v2\/users\/1"}],"replies":[{"embeddable":true,"href":"https:\/\/nightanimation.com\/index.php?rest_route=%2Fwp%2Fv2%2Fcomments&post=716"}],"version-history":[{"count":2,"href":"https:\/\/nightanimation.com\/index.php?rest_route=\/wp\/v2\/pages\/716\/revisions"}],"predecessor-version":[{"id":743,"href":"https:\/\/nightanimation.com\/index.php?rest_route=\/wp\/v2\/pages\/716\/revisions\/743"}],"up":[{"embeddable":true,"href":"https:\/\/nightanimation.com\/index.php?rest_route=\/wp\/v2\/pages\/168"}],"wp:attachment":[{"href":"https:\/\/nightanimation.com\/index.php?rest_route=%2Fwp%2Fv2%2Fmedia&parent=716"}],"curies":[{"name":"wp","href":"https:\/\/api.w.org\/{rel}","templated":true}]}}