{"id":668,"date":"2022-05-04T18:57:31","date_gmt":"2022-05-04T19:57:31","guid":{"rendered":"https:\/\/nightanimation.com\/?page_id=668"},"modified":"2025-03-11T20:03:50","modified_gmt":"2025-03-11T21:03:50","slug":"bal","status":"publish","type":"page","link":"https:\/\/nightanimation.com\/?page_id=668","title":{"rendered":"Bal"},"content":{"rendered":"<p><img loading=\"lazy\" decoding=\"async\" class=\"wp-image-840 aligncenter\" src=\"https:\/\/nightanimation.com\/wp-content\/uploads\/2024\/04\/WhatsApp-Image-2024-04-06-a-13.19.41_e0aad4d9.jpg\" alt=\"\" width=\"286\" height=\"214\" srcset=\"https:\/\/nightanimation.com\/wp-content\/uploads\/2024\/04\/WhatsApp-Image-2024-04-06-a-13.19.41_e0aad4d9.jpg 1600w, https:\/\/nightanimation.com\/wp-content\/uploads\/2024\/04\/WhatsApp-Image-2024-04-06-a-13.19.41_e0aad4d9-300x225.jpg 300w, https:\/\/nightanimation.com\/wp-content\/uploads\/2024\/04\/WhatsApp-Image-2024-04-06-a-13.19.41_e0aad4d9-1024x768.jpg 1024w, https:\/\/nightanimation.com\/wp-content\/uploads\/2024\/04\/WhatsApp-Image-2024-04-06-a-13.19.41_e0aad4d9-768x576.jpg 768w, https:\/\/nightanimation.com\/wp-content\/uploads\/2024\/04\/WhatsApp-Image-2024-04-06-a-13.19.41_e0aad4d9-1536x1152.jpg 1536w\" sizes=\"(max-width: 286px) 100vw, 286px\" \/><\/p>\n<p><span style=\"font-size: 14pt;\"><b>Vous organisez un bal, et par cons\u00e9quent vous \u00eates \u00e0 la recherche d&rsquo;un DJ, qui saura animer musicalement votre soir\u00e9e dot\u00e9 d&rsquo;un mat\u00e9riel de haute qualit\u00e9 et adaptable \u00e0 l\u2019\u00e9v\u00e9nement ? Nous sommes la soci\u00e9t\u00e9 qu&rsquo;il vous faut !\u00a0<\/b><\/span><\/p>\n<p>contactez nous pour votre bal dans la r\u00e9gion de Amb\u00e9rieu-en-Bugey, Belley, Bourgoin-Jallieu, Bourg-en-Bresse, Lyon, Grenoble &#8230;<\/p>\n<p><strong>A partir de 450,00\u20ac TTC*<\/strong><\/p>\n<p>Pour une prestation technique seule sans DJ<\/p>\n<p>&nbsp;<\/p>\n<p><strong>A partir de 650,00\u20ac TTC*<\/strong><\/p>\n<p>Pour une prestation technique avec DJ**<\/p>\n<p><span style=\"font-size: 10pt;\">*suivant options<\/span><\/p>\n<p><span style=\"font-size: 10pt;\">**DJ de la soci\u00e9t\u00e9 Night Animation Events, non valable avec un DJ ext\u00e9rieur<\/span><\/p>\n<p><strong>Bal et\/ou repas de conscrits<\/strong><\/p>\n<p><span style=\"font-size: 10pt;\">sur demande<\/span><\/p>\n<p>&nbsp;<\/p>\n","protected":false},"excerpt":{"rendered":"<p>Vous organisez un bal, et par cons\u00e9quent vous \u00eates \u00e0 la recherche d&rsquo;un DJ, qui saura animer musicalement votre soir\u00e9e dot\u00e9 d&rsquo;un mat\u00e9riel de haute qualit\u00e9 et adaptable \u00e0 l\u2019\u00e9v\u00e9nement &hellip; <\/p>\n<p class=\"link-more\"><a href=\"https:\/\/nightanimation.com\/?page_id=668\" class=\"more-link\">Continuer la lecture<span class=\"screen-reader-text\"> de &laquo;&nbsp;Bal&nbsp;&raquo;<\/span><\/a><\/p>\n","protected":false},"author":1,"featured_media":0,"parent":422,"menu_order":0,"comment_status":"closed","ping_status":"closed","template":"","meta":{"footnotes":""},"class_list":["post-668","page","type-page","status-publish","hentry"],"_links":{"self":[{"href":"https:\/\/nightanimation.com\/index.php?rest_route=\/wp\/v2\/pages\/668"}],"collection":[{"href":"https:\/\/nightanimation.com\/index.php?rest_route=\/wp\/v2\/pages"}],"about":[{"href":"https:\/\/nightanimation.com\/index.php?rest_route=\/wp\/v2\/types\/page"}],"author":[{"embeddable":true,"href":"https:\/\/nightanimation.com\/index.php?rest_route=\/wp\/v2\/users\/1"}],"replies":[{"embeddable":true,"href":"https:\/\/nightanimation.com\/index.php?rest_route=%2Fwp%2Fv2%2Fcomments&post=668"}],"version-history":[{"count":9,"href":"https:\/\/nightanimation.com\/index.php?rest_route=\/wp\/v2\/pages\/668\/revisions"}],"predecessor-version":[{"id":970,"href":"https:\/\/nightanimation.com\/index.php?rest_route=\/wp\/v2\/pages\/668\/revisions\/970"}],"up":[{"embeddable":true,"href":"https:\/\/nightanimation.com\/index.php?rest_route=\/wp\/v2\/pages\/422"}],"wp:attachment":[{"href":"https:\/\/nightanimation.com\/index.php?rest_route=%2Fwp%2Fv2%2Fmedia&parent=668"}],"curies":[{"name":"wp","href":"https:\/\/api.w.org\/{rel}","templated":true}]}}