{"id":455,"date":"2020-05-07T18:05:38","date_gmt":"2020-05-07T19:05:38","guid":{"rendered":"http:\/\/nightanimation.com\/?page_id=455"},"modified":"2024-04-07T17:36:02","modified_gmt":"2024-04-07T18:36:02","slug":"seminaire-conference","status":"publish","type":"page","link":"https:\/\/nightanimation.com\/?page_id=455","title":{"rendered":"S\u00e9minaire &#038; Conf\u00e9rence"},"content":{"rendered":"\r\n<p><img loading=\"lazy\" decoding=\"async\" class=\"size-medium wp-image-463 aligncenter\" src=\"https:\/\/nightanimation.com\/wp-content\/uploads\/2020\/05\/seminaire-entreprise-300x196.jpg\" alt=\"\" width=\"300\" height=\"196\" srcset=\"https:\/\/nightanimation.com\/wp-content\/uploads\/2020\/05\/seminaire-entreprise-300x196.jpg 300w, https:\/\/nightanimation.com\/wp-content\/uploads\/2020\/05\/seminaire-entreprise.jpg 550w\" sizes=\"(max-width: 300px) 100vw, 300px\" \/><\/p>\r\n<p><strong><span style=\"color: #000000;\">Pour plus d\u2019informations sur l\u2019organisation de votre s\u00e9minaire &amp; conf\u00e9rence, convention, s\u00e9minaire d\u2019entreprise, salon <\/span><span style=\"color: #000000;\">&#8230; Contactez-nous\u00a0<\/span><\/strong><\/p>\r\n<p>S\u00e9minaire d&rsquo;entreprise dans la r\u00e9gion de Amb\u00e9rieu-en-Bugey, Belley, Bourgoin-Jallieu, Bourg-en-Bresse, Lyon, Grenoble &#8230;<\/p>\r\n<p><span style=\"color: #000000;\">Mail : contact@nightanimation.fr<\/span><\/p>\r\n<p><span style=\"color: #000000;\">Tel : 06-09-78-64-00<\/span><\/p>\r\n<p>&nbsp;<\/p>\r\n","protected":false},"excerpt":{"rendered":"<p>Pour plus d\u2019informations sur l\u2019organisation de votre s\u00e9minaire &amp; conf\u00e9rence, convention, s\u00e9minaire d\u2019entreprise, salon &#8230; Contactez-nous\u00a0 S\u00e9minaire d&rsquo;entreprise dans la r\u00e9gion de Amb\u00e9rieu-en-Bugey, Belley, Bourgoin-Jallieu, Bourg-en-Bresse, Lyon, Grenoble &#8230; Mail &hellip; <\/p>\n<p class=\"link-more\"><a href=\"https:\/\/nightanimation.com\/?page_id=455\" class=\"more-link\">Continuer la lecture<span class=\"screen-reader-text\"> de &laquo;&nbsp;S\u00e9minaire &#038; Conf\u00e9rence&nbsp;&raquo;<\/span><\/a><\/p>\n","protected":false},"author":1,"featured_media":0,"parent":422,"menu_order":0,"comment_status":"closed","ping_status":"closed","template":"","meta":{"footnotes":""},"class_list":["post-455","page","type-page","status-publish","hentry"],"_links":{"self":[{"href":"https:\/\/nightanimation.com\/index.php?rest_route=\/wp\/v2\/pages\/455"}],"collection":[{"href":"https:\/\/nightanimation.com\/index.php?rest_route=\/wp\/v2\/pages"}],"about":[{"href":"https:\/\/nightanimation.com\/index.php?rest_route=\/wp\/v2\/types\/page"}],"author":[{"embeddable":true,"href":"https:\/\/nightanimation.com\/index.php?rest_route=\/wp\/v2\/users\/1"}],"replies":[{"embeddable":true,"href":"https:\/\/nightanimation.com\/index.php?rest_route=%2Fwp%2Fv2%2Fcomments&post=455"}],"version-history":[{"count":9,"href":"https:\/\/nightanimation.com\/index.php?rest_route=\/wp\/v2\/pages\/455\/revisions"}],"predecessor-version":[{"id":898,"href":"https:\/\/nightanimation.com\/index.php?rest_route=\/wp\/v2\/pages\/455\/revisions\/898"}],"up":[{"embeddable":true,"href":"https:\/\/nightanimation.com\/index.php?rest_route=\/wp\/v2\/pages\/422"}],"wp:attachment":[{"href":"https:\/\/nightanimation.com\/index.php?rest_route=%2Fwp%2Fv2%2Fmedia&parent=455"}],"curies":[{"name":"wp","href":"https:\/\/api.w.org\/{rel}","templated":true}]}}