{"id":438,"date":"2020-05-07T16:34:31","date_gmt":"2020-05-07T17:34:31","guid":{"rendered":"http:\/\/nightanimation.com\/?page_id=438"},"modified":"2024-04-07T17:36:55","modified_gmt":"2024-04-07T18:36:55","slug":"spectacle-vivant-concert-gala-de-danse","status":"publish","type":"page","link":"https:\/\/nightanimation.com\/?page_id=438","title":{"rendered":"Spectacle Vivant \/ Concert"},"content":{"rendered":"\r\n<p><img loading=\"lazy\" decoding=\"async\" class=\"aligncenter wp-image-42 size-medium\" src=\"https:\/\/nightanimation.com\/wp-content\/uploads\/2018\/12\/20180922_193513-300x180.jpg\" alt=\"\" width=\"300\" height=\"180\" srcset=\"https:\/\/nightanimation.com\/wp-content\/uploads\/2018\/12\/20180922_193513-300x180.jpg 300w, https:\/\/nightanimation.com\/wp-content\/uploads\/2018\/12\/20180922_193513-768x461.jpg 768w, https:\/\/nightanimation.com\/wp-content\/uploads\/2018\/12\/20180922_193513-1024x614.jpg 1024w, https:\/\/nightanimation.com\/wp-content\/uploads\/2018\/12\/20180922_193513.jpg 2000w\" sizes=\"(max-width: 300px) 100vw, 300px\" \/><\/p>\r\n<p><strong><span style=\"color: #000000;\">Pour vos concerts, \u00e9lection de Miss et Mister, faites-nous confiance !<\/span><\/strong><\/p>\r\n<p>Sonorisation de concert dans la r\u00e9gion de Amb\u00e9rieu-en-Bugey, Belley, Bourgoin-Jallieu, Bourg-en-Bresse, Lyon, Grenoble &#8230;<\/p>\r\n<p>&nbsp;<\/p>\r\n<p><span style=\"color: #000000;\"><strong>DEVIS GRATUIT ET SUR MESURE !<\/strong><\/span><\/p>\r\n<p><span style=\"color: #000000;\">Mail : contact@nightanimation.fr<\/span><\/p>\r\n<p><span style=\"color: #000000;\">Tel : 06-09-78-64-00<\/span><\/p>\r\n","protected":false},"excerpt":{"rendered":"<p>Pour vos concerts, \u00e9lection de Miss et Mister, faites-nous confiance ! Sonorisation de concert dans la r\u00e9gion de Amb\u00e9rieu-en-Bugey, Belley, Bourgoin-Jallieu, Bourg-en-Bresse, Lyon, Grenoble &#8230; &nbsp; DEVIS GRATUIT ET SUR &hellip; <\/p>\n<p class=\"link-more\"><a href=\"https:\/\/nightanimation.com\/?page_id=438\" class=\"more-link\">Continuer la lecture<span class=\"screen-reader-text\"> de &laquo;&nbsp;Spectacle Vivant \/ Concert&nbsp;&raquo;<\/span><\/a><\/p>\n","protected":false},"author":1,"featured_media":0,"parent":422,"menu_order":0,"comment_status":"closed","ping_status":"closed","template":"","meta":{"footnotes":""},"class_list":["post-438","page","type-page","status-publish","hentry"],"_links":{"self":[{"href":"https:\/\/nightanimation.com\/index.php?rest_route=\/wp\/v2\/pages\/438"}],"collection":[{"href":"https:\/\/nightanimation.com\/index.php?rest_route=\/wp\/v2\/pages"}],"about":[{"href":"https:\/\/nightanimation.com\/index.php?rest_route=\/wp\/v2\/types\/page"}],"author":[{"embeddable":true,"href":"https:\/\/nightanimation.com\/index.php?rest_route=\/wp\/v2\/users\/1"}],"replies":[{"embeddable":true,"href":"https:\/\/nightanimation.com\/index.php?rest_route=%2Fwp%2Fv2%2Fcomments&post=438"}],"version-history":[{"count":13,"href":"https:\/\/nightanimation.com\/index.php?rest_route=\/wp\/v2\/pages\/438\/revisions"}],"predecessor-version":[{"id":899,"href":"https:\/\/nightanimation.com\/index.php?rest_route=\/wp\/v2\/pages\/438\/revisions\/899"}],"up":[{"embeddable":true,"href":"https:\/\/nightanimation.com\/index.php?rest_route=\/wp\/v2\/pages\/422"}],"wp:attachment":[{"href":"https:\/\/nightanimation.com\/index.php?rest_route=%2Fwp%2Fv2%2Fmedia&parent=438"}],"curies":[{"name":"wp","href":"https:\/\/api.w.org\/{rel}","templated":true}]}}