{"id":429,"date":"2020-05-07T16:27:26","date_gmt":"2020-05-07T17:27:26","guid":{"rendered":"http:\/\/nightanimation.com\/?page_id=429"},"modified":"2025-03-21T19:30:13","modified_gmt":"2025-03-21T20:30:13","slug":"mariage","status":"publish","type":"page","link":"https:\/\/nightanimation.com\/?page_id=429","title":{"rendered":"Mariage"},"content":{"rendered":"\r\n<div class=\"one_half\">\r\n<h5><a href=\"https:\/\/nightanimation.com\/wp-content\/uploads\/2021\/12\/20210918_1842271-scaled.jpg\"><img loading=\"lazy\" decoding=\"async\" class=\"wp-image-576 size-medium aligncenter\" src=\"https:\/\/nightanimation.com\/wp-content\/uploads\/2021\/12\/20210918_1842271-300x135.jpg\" alt=\"\" width=\"300\" height=\"135\" srcset=\"https:\/\/nightanimation.com\/wp-content\/uploads\/2021\/12\/20210918_1842271-300x135.jpg 300w, https:\/\/nightanimation.com\/wp-content\/uploads\/2021\/12\/20210918_1842271-1024x461.jpg 1024w, https:\/\/nightanimation.com\/wp-content\/uploads\/2021\/12\/20210918_1842271-768x346.jpg 768w, https:\/\/nightanimation.com\/wp-content\/uploads\/2021\/12\/20210918_1842271-1536x691.jpg 1536w, https:\/\/nightanimation.com\/wp-content\/uploads\/2021\/12\/20210918_1842271-2048x922.jpg 2048w\" sizes=\"(max-width: 300px) 100vw, 300px\" \/><\/a><\/h5>\r\n<h5>Votre mariage est unique dans votre vie, il doit \u00eatre inoubliable et sans pr\u00e9c\u00e9dent ! Afin qu&rsquo;il soit \u00e0 la hauteur de vos esp\u00e9rances, vous pouvez compter sur nous. Nous restons \u00e0 l&rsquo;\u00e9coute de vos envies et vos souhaits, vous \u00eates les seuls ma\u00eetres de la soir\u00e9e !<\/h5>\r\n<p>Animation de mariage dans la r\u00e9gion de Amb\u00e9rieu-en-Bugey, Belley, Bourgoin-Jallieu, Bourg-en-Bresse, Lyon, Grenoble &#8230;<\/p>\r\n<p>&nbsp;<\/p>\r\n<h5><span style=\"color: #000000;\">-Formule mariage<\/span><\/h5>\r\n<span style=\"color: #000000;\"><em>Tout le mat\u00e9riel technique est inclus dans la prestation<\/em><strong><em><br \/><\/em><\/strong><\/span><span style=\"font-size: 8pt;\"><em>(RDV, d\u00e9placement, assurances, charges comprises dans la prestation)<\/em><\/span><\/div>\r\n<div>\u00a0<\/div>\r\n<div class=\"one_half\"><span style=\"font-size: 12pt;\">\u2022 Vid\u00e9oprojecteur + \u00e9cran 2x2m<\/span><\/div>\r\n<div class=\"one_half\">\u2022 sonorisation vin d&rsquo;honneur<\/div>\r\n<div class=\"one_half\">\u2022 Colorisation de salle <br \/>\r\n<p><span style=\"font-size: 10pt;\">(Forfait de base jusqu\u2019\u00e0 4H du matin)<\/span><\/p>\r\n<p><span style=\"color: #000000;\"><strong>A partir de 1050<\/strong><\/span><span style=\"color: #000000;\"><strong>,00\u20ac TTC<\/strong><\/span><\/p>\r\n<p>&nbsp;<\/p>\r\n<p><span style=\"color: #000000;\"><strong><i>Nos options<\/i><\/strong><\/span><\/p>\r\n<\/div>\r\n<p>\u2022 Machine \u00e0 bulles : + 25\u20ac TTC<br \/>\u2022 Machine \u00e0 fum\u00e9e lourde : + 120\u20ac TTC<br \/>\u2022 Machine \u00e0 \u00e9tincelles froides : + 100\u20ac TTC <span style=\"font-size: 8pt;\">(2 machine avec 7 min de consommables par machines)\u00a0<\/span><br \/>\u2022 Pack c\u00e9r\u00e9monie la\u00efque (enceinte + micro + r\u00e9gie) : 120\u20ac TTC<br \/>\u2022 Tir de confettis <span style=\"font-size: 10pt;\">(tarif et conditions sur demande)<\/span><br \/>\u2022 \u00c9clairages ext\u00e9rieurs b\u00e2timent\u00a0<span style=\"font-size: 10pt;\"> (tarif sur devis)<\/span><br \/>\u2022 \u00c9cran led ou t\u00e9l\u00e9 <span style=\"font-size: 10pt;\">(tarif sur devis)<\/span><\/p>\r\n\r\n\r\n\r\n<div class=\"one_half\">\r\n<h5>\u00a0<\/h5>\r\n<\/div>\r\n","protected":false},"excerpt":{"rendered":"<p>Votre mariage est unique dans votre vie, il doit \u00eatre inoubliable et sans pr\u00e9c\u00e9dent ! Afin qu&rsquo;il soit \u00e0 la hauteur de vos esp\u00e9rances, vous pouvez compter sur nous. Nous &hellip; <\/p>\n<p class=\"link-more\"><a href=\"https:\/\/nightanimation.com\/?page_id=429\" class=\"more-link\">Continuer la lecture<span class=\"screen-reader-text\"> de &laquo;&nbsp;Mariage&nbsp;&raquo;<\/span><\/a><\/p>\n","protected":false},"author":1,"featured_media":0,"parent":422,"menu_order":0,"comment_status":"closed","ping_status":"closed","template":"","meta":{"footnotes":""},"class_list":["post-429","page","type-page","status-publish","hentry"],"_links":{"self":[{"href":"https:\/\/nightanimation.com\/index.php?rest_route=\/wp\/v2\/pages\/429"}],"collection":[{"href":"https:\/\/nightanimation.com\/index.php?rest_route=\/wp\/v2\/pages"}],"about":[{"href":"https:\/\/nightanimation.com\/index.php?rest_route=\/wp\/v2\/types\/page"}],"author":[{"embeddable":true,"href":"https:\/\/nightanimation.com\/index.php?rest_route=\/wp\/v2\/users\/1"}],"replies":[{"embeddable":true,"href":"https:\/\/nightanimation.com\/index.php?rest_route=%2Fwp%2Fv2%2Fcomments&post=429"}],"version-history":[{"count":35,"href":"https:\/\/nightanimation.com\/index.php?rest_route=\/wp\/v2\/pages\/429\/revisions"}],"predecessor-version":[{"id":978,"href":"https:\/\/nightanimation.com\/index.php?rest_route=\/wp\/v2\/pages\/429\/revisions\/978"}],"up":[{"embeddable":true,"href":"https:\/\/nightanimation.com\/index.php?rest_route=\/wp\/v2\/pages\/422"}],"wp:attachment":[{"href":"https:\/\/nightanimation.com\/index.php?rest_route=%2Fwp%2Fv2%2Fmedia&parent=429"}],"curies":[{"name":"wp","href":"https:\/\/api.w.org\/{rel}","templated":true}]}}