{"id":351,"date":"2022-04-29T03:28:48","date_gmt":"2022-04-29T04:28:48","guid":{"rendered":"http:\/\/nightanimation.com\/?page_id=351"},"modified":"2024-04-06T17:48:42","modified_gmt":"2024-04-06T18:48:42","slug":"nous-decouvrir","status":"publish","type":"page","link":"https:\/\/nightanimation.com\/?page_id=351","title":{"rendered":"Nous d\u00e9couvrir"},"content":{"rendered":"<p>Faites-vous accompagner par des professionnels de la technique et de la mise en sc\u00e8ne sonore afin de vivre une soir\u00e9e r\u00e9ussie et enti\u00e8rement personnalis\u00e9e selon vos envies. Ces artistes du spectacle manient avec dext\u00e9rit\u00e9 l\u2019art de la sc\u00e9nographie et s\u2019adaptent \u00e0 tous types d\u2019\u00e9v\u00e8nements.<\/p>\r\n<p><strong>Exp\u00e9rience<\/strong><\/p>\r\n<p>Le fondateur de Night Animation Events est un passionn\u00e9 des arts du spectacle sous toutes ses formes. Ce technicien Son et Lumi\u00e8re cr\u00e9a il y a une dizaine d&rsquo;ann\u00e9es la soci\u00e9t\u00e9 familiale Night Animation en commen\u00e7ant en association loi 1901, puis en auto-entreprise pour cr\u00e9er la SAS Night Animation Events afin d\u2019assurer la mise en lumi\u00e8re et la sonorisation d\u2019\u00e9v\u00e8nements priv\u00e9s, associatifs et artistiques de la r\u00e9gion. Aujourd\u2019hui cette entreprise couvre 50 \u00e0 70 \u00e9v\u00e8nements et spectacles par ann\u00e9e.<\/p>\r\n<p><strong>Services propos\u00e9s<\/strong><\/p>\r\n<p>Night Animation Events animera votre prestation selon vos besoins, vos envies et vos personnalit\u00e9s. Cet \u00e9v\u00e9nement est avant tout le v\u00f4tre, c\u2019est pourquoi il est important que vous receviez une prestation \u00e0 la hauteur de vos attentes.<\/p>\r\n<p>Ces professionnels vous proposeront, \u00e0 la suite d\u2019un premier rendez-vous, de r\u00e9aliser sur mesure et selon vos besoins, l\u2019\u00e9clairage de votre lieu de r\u00e9ception, la sonorisation de votre vin d\u2019honneur, votre repas et votre soir\u00e9e dansante mais aussi la prestation personnalis\u00e9e de leur DJ. L\u2019\u00e9tude et l\u2019installation du mat\u00e9riel sonore et lumineux sont r\u00e9alis\u00e9es. Enfin, la location ou la vente de leur mat\u00e9riel professionnel est aussi possible.<\/p>\r\n<p><strong>Autres services<\/strong><\/p>\r\n<p>Toute l\u2019\u00e9quipe de Night Animation Events sera heureux d\u2019animer vos prochains \u00e9v\u00e8nements et spectacles quels qu\u2019ils soient. N\u2019h\u00e9sitez pas \u00e0 les contacter pour toute question, pour des informations compl\u00e9mentaires ou si vous souhaitez l\u2019\u00e9laboration d\u2019un devis sur mesure.<\/p>\r\n<p>Coordonn\u00e9es\u00a0<\/p>\r\n<p>T\u00e9l : 06.09.78.64.00<\/p>\r\n<p>Mail : contact@nightanimation.fr<\/p>\r\n<p>Et sur les r\u00e9seaux !<\/p>\r\n<p><img loading=\"lazy\" decoding=\"async\" class=\"wp-image-618 alignleft\" src=\"https:\/\/nightanimation.com\/wp-content\/uploads\/2022\/04\/kisspng-united-states-youtube-logo-youtube-play-button-transparent-png-5ab1be08946c16.888989591521597960608-300x300.png\" alt=\"\" width=\"36\" height=\"36\" srcset=\"https:\/\/nightanimation.com\/wp-content\/uploads\/2022\/04\/kisspng-united-states-youtube-logo-youtube-play-button-transparent-png-5ab1be08946c16.888989591521597960608-300x300.png 300w, https:\/\/nightanimation.com\/wp-content\/uploads\/2022\/04\/kisspng-united-states-youtube-logo-youtube-play-button-transparent-png-5ab1be08946c16.888989591521597960608-150x150.png 150w, https:\/\/nightanimation.com\/wp-content\/uploads\/2022\/04\/kisspng-united-states-youtube-logo-youtube-play-button-transparent-png-5ab1be08946c16.888989591521597960608-768x768.png 768w, https:\/\/nightanimation.com\/wp-content\/uploads\/2022\/04\/kisspng-united-states-youtube-logo-youtube-play-button-transparent-png-5ab1be08946c16.888989591521597960608.png 800w\" sizes=\"(max-width: 36px) 100vw, 36px\" \/><\/p>\r\n<p><a href=\"https:\/\/www.facebook.com\/Night-Animation-129047737196137\/\"><img loading=\"lazy\" decoding=\"async\" class=\"alignleft wp-image-606\" src=\"https:\/\/nightanimation.com\/wp-content\/uploads\/2022\/04\/facebook-770688_1920-300x300.png\" alt=\"\" width=\"36\" height=\"36\" srcset=\"https:\/\/nightanimation.com\/wp-content\/uploads\/2022\/04\/facebook-770688_1920-300x300.png 300w, https:\/\/nightanimation.com\/wp-content\/uploads\/2022\/04\/facebook-770688_1920-1024x1024.png 1024w, https:\/\/nightanimation.com\/wp-content\/uploads\/2022\/04\/facebook-770688_1920-150x150.png 150w, https:\/\/nightanimation.com\/wp-content\/uploads\/2022\/04\/facebook-770688_1920-768x768.png 768w, https:\/\/nightanimation.com\/wp-content\/uploads\/2022\/04\/facebook-770688_1920-1536x1536.png 1536w, https:\/\/nightanimation.com\/wp-content\/uploads\/2022\/04\/facebook-770688_1920.png 1920w\" sizes=\"(max-width: 36px) 100vw, 36px\" \/><\/a> <a href=\"https:\/\/www.instagram.com\/nightanimation\/\"><img loading=\"lazy\" decoding=\"async\" class=\"wp-image-603 alignleft\" src=\"https:\/\/nightanimation.com\/wp-content\/uploads\/2022\/04\/2111463-300x300.png\" alt=\"\" width=\"36\" height=\"36\" srcset=\"https:\/\/nightanimation.com\/wp-content\/uploads\/2022\/04\/2111463-300x300.png 300w, https:\/\/nightanimation.com\/wp-content\/uploads\/2022\/04\/2111463-150x150.png 150w, https:\/\/nightanimation.com\/wp-content\/uploads\/2022\/04\/2111463.png 512w\" sizes=\"(max-width: 36px) 100vw, 36px\" \/><\/a><\/p>\r\n","protected":false},"excerpt":{"rendered":"<p>Faites-vous accompagner par des professionnels de la technique et de la mise en sc\u00e8ne sonore afin de vivre une soir\u00e9e r\u00e9ussie et enti\u00e8rement personnalis\u00e9e selon vos envies. Ces artistes du &hellip; <\/p>\n<p class=\"link-more\"><a href=\"https:\/\/nightanimation.com\/?page_id=351\" class=\"more-link\">Continuer la lecture<span class=\"screen-reader-text\"> de &laquo;&nbsp;Nous d\u00e9couvrir&nbsp;&raquo;<\/span><\/a><\/p>\n","protected":false},"author":1,"featured_media":0,"parent":0,"menu_order":0,"comment_status":"closed","ping_status":"closed","template":"","meta":{"footnotes":""},"class_list":["post-351","page","type-page","status-publish","hentry"],"_links":{"self":[{"href":"https:\/\/nightanimation.com\/index.php?rest_route=\/wp\/v2\/pages\/351"}],"collection":[{"href":"https:\/\/nightanimation.com\/index.php?rest_route=\/wp\/v2\/pages"}],"about":[{"href":"https:\/\/nightanimation.com\/index.php?rest_route=\/wp\/v2\/types\/page"}],"author":[{"embeddable":true,"href":"https:\/\/nightanimation.com\/index.php?rest_route=\/wp\/v2\/users\/1"}],"replies":[{"embeddable":true,"href":"https:\/\/nightanimation.com\/index.php?rest_route=%2Fwp%2Fv2%2Fcomments&post=351"}],"version-history":[{"count":13,"href":"https:\/\/nightanimation.com\/index.php?rest_route=\/wp\/v2\/pages\/351\/revisions"}],"predecessor-version":[{"id":870,"href":"https:\/\/nightanimation.com\/index.php?rest_route=\/wp\/v2\/pages\/351\/revisions\/870"}],"wp:attachment":[{"href":"https:\/\/nightanimation.com\/index.php?rest_route=%2Fwp%2Fv2%2Fmedia&parent=351"}],"curies":[{"name":"wp","href":"https:\/\/api.w.org\/{rel}","templated":true}]}}