{"id":192,"date":"2018-12-28T00:35:01","date_gmt":"2018-12-28T01:35:01","guid":{"rendered":"http:\/\/nightanimation.com\/?page_id=192"},"modified":"2025-02-18T20:48:49","modified_gmt":"2025-02-18T21:48:49","slug":"pack","status":"publish","type":"page","link":"https:\/\/nightanimation.com\/?page_id=192","title":{"rendered":"Packs"},"content":{"rendered":"\r\n<p style=\"text-align: center;\"><a href=\"https:\/\/nightanimation.com\/wp-content\/uploads\/2021\/12\/20211113_1648031-scaled.jpg\"><img loading=\"lazy\" decoding=\"async\" class=\"aligncenter wp-image-932 \" src=\"https:\/\/nightanimation.com\/wp-content\/uploads\/2024\/09\/photo-output.jpeg\" alt=\"\" width=\"275\" height=\"275\" srcset=\"https:\/\/nightanimation.com\/wp-content\/uploads\/2024\/09\/photo-output.jpeg 2048w, https:\/\/nightanimation.com\/wp-content\/uploads\/2024\/09\/photo-output-300x300.jpeg 300w, https:\/\/nightanimation.com\/wp-content\/uploads\/2024\/09\/photo-output-1024x1024.jpeg 1024w, https:\/\/nightanimation.com\/wp-content\/uploads\/2024\/09\/photo-output-150x150.jpeg 150w, https:\/\/nightanimation.com\/wp-content\/uploads\/2024\/09\/photo-output-768x768.jpeg 768w, https:\/\/nightanimation.com\/wp-content\/uploads\/2024\/09\/photo-output-1536x1536.jpeg 1536w, https:\/\/nightanimation.com\/wp-content\/uploads\/2024\/09\/photo-output-100x100.jpeg 100w\" sizes=\"(max-width: 275px) 100vw, 275px\" \/><\/a><\/p>\r\n<p><b>Nous proposons des packs locations pour vos \u00e9v\u00e9nements.<\/b><\/p>\r\n<p>Petit budget simple d&rsquo;utilisation parfait pour vos soir\u00e9es entre amis ! Louez votre mat\u00e9riel sur Amb\u00e9rieu-en-Bugey, Bourgoin-Jallieu, Belley, Bourg-en-Bresse<\/p>\r\n<p>&nbsp;<\/p>\r\n\r\n\r\n\r\n\r\n\r\n<h2 class=\"wp-block-heading\">Pack \u00e9conomique<\/h2>\r\n\r\n\r\n\r\n<p>Seulement un peu de son ?<\/p>\r\n<p>-1 Enceintes 400W<\/p>\r\n<p>-1 Pieds<\/p>\r\n<p>-1 C\u00e2ble PC jack 6.35<\/p>\r\n<ul>\r\n<li><strong>Forfait 40,00\u20ac TTC \/ Week-end *<\/strong><\/li>\r\n<\/ul>\r\n<p>&nbsp;<\/p>\r\n\r\n\r\n\r\n<h2 class=\"wp-block-heading\">Pack enceinte Bluetooth<\/h2>\r\n\r\n\r\n\r\n<p>Sans fil !<\/p>\r\n<p>-Enceinte MOJO 500 Id\u00e9al pour sonoriser vos petits ap\u00e9ros en ext\u00e9rieur par exemple.\u00a0<\/p>\r\n<ul>\r\n<li><strong>Forfait 65,00\u20ac TTC \/ Week-end*<\/strong><\/li>\r\n<\/ul>\r\n<h2>Pack enceinte Bluetooth 2<\/h2>\r\n<p>\r\n\r\n<\/p>\r\n<p>Sans fil !<\/p>\r\n<p>-Yamaha Stagepas 1 MK2 Id\u00e9al pour sonoriser vos \u00e9v\u00e8nements jusqu&rsquo;\u00e0 70 personnes environ<\/p>\r\n<ul>\r\n<li><strong>Forfait 75,00\u20ac TTC \/ Week-end*<\/strong><\/li>\r\n<\/ul>\r\n<p>&nbsp;<\/p>\r\n<p>&nbsp;<\/p>\r\n\r\n\r\n\r\n<h2 class=\"wp-block-heading\">Pack avec lumi\u00e8res<\/h2>\r\n\r\n\r\n\r\n<p>Un pack complet avec lumi\u00e8res !<\/p>\r\n<p>-Yamaha Stagepas 1 MK2<\/p>\r\n<p>-1 Kit lumi\u00e8re GIGBAR 2 chauvet (pret \u00e0 l&#8217;emploi 4 en 1)<\/p>\r\n<ul>\r\n<li><strong>Forfait 120,00\u20ac TTC \/ Week-end*<\/strong><\/li>\r\n<\/ul>\r\n<p>&nbsp;<\/p>\r\n<h2>Pack complet<\/h2>\r\n<p>\r\n\r\n<\/p>\r\n<p>Un pack complet avec lumi\u00e8res !<\/p>\r\n<p>-Yamaha Stagepas 1 MK2 (jusqu&rsquo;\u00e0 150 personnes environ)<\/p>\r\n<p>-1 Kit lumi\u00e8re GIGBAR 2 chauvet (pret \u00e0 l&#8217;emploi 4 en 1)<\/p>\r\n<p>-1 Petite machine \u00e0 fum\u00e9e 400w<\/p>\r\n<ul>\r\n<li><strong>Forfait 165,00\u20ac TTC \/ Week-end*<\/strong><\/li>\r\n<\/ul>\r\n<h2>Pack \u00e9clairages<\/h2>\r\n<p>\r\n\r\n<\/p>\r\n<p>Un pack avec lumi\u00e8res !<\/p>\r\n<p>-1 Kit lumi\u00e8re GIGBAR 2 chauvet (pret \u00e0 l&#8217;emploi 4 en 1)<\/p>\r\n<ul>\r\n<li><strong>Forfait 50,00\u20ac TTC \/ Week-end*<\/strong><\/li>\r\n<\/ul>\r\n<p>&nbsp;<\/p>\r\n<p>&nbsp;<\/p>\r\n\r\n\r\n\r\n<h2 class=\"wp-block-heading\">Pack personnalis\u00e9<\/h2>\r\n\r\n\r\n\r\n<p>Vous pouvez \u00e9galement personnaliser votre pack comme bon vous semble et surtout par rapport \u00e0 votre budget !<\/p>\r\n<p>devis gratuit par mail : contact@nightanimation.fr ou par t\u00e9l\u00e9phone : 06-09-78-64-00<\/p>\r\n<p>&nbsp;<\/p>\r\n\r\n\r\n\r\n<p>&nbsp;<\/p>\r\n<p>&nbsp;<\/p>\r\n<p><span style=\"font-size: 8pt;\">*Location soumise \u00e0 conditions, CGL disponibles. Tarif TTC hors options<\/span><\/p>\r\n<p>&nbsp;<\/p>\r\n","protected":false},"excerpt":{"rendered":"<p>Nous proposons des packs locations pour vos \u00e9v\u00e9nements. Petit budget simple d&rsquo;utilisation parfait pour vos soir\u00e9es entre amis ! Louez votre mat\u00e9riel sur Amb\u00e9rieu-en-Bugey, Bourgoin-Jallieu, Belley, Bourg-en-Bresse &nbsp; Pack \u00e9conomique &hellip; <\/p>\n<p class=\"link-more\"><a href=\"https:\/\/nightanimation.com\/?page_id=192\" class=\"more-link\">Continuer la lecture<span class=\"screen-reader-text\"> de &laquo;&nbsp;Packs&nbsp;&raquo;<\/span><\/a><\/p>\n","protected":false},"author":1,"featured_media":0,"parent":168,"menu_order":0,"comment_status":"closed","ping_status":"closed","template":"","meta":{"footnotes":""},"class_list":["post-192","page","type-page","status-publish","hentry"],"_links":{"self":[{"href":"https:\/\/nightanimation.com\/index.php?rest_route=\/wp\/v2\/pages\/192"}],"collection":[{"href":"https:\/\/nightanimation.com\/index.php?rest_route=\/wp\/v2\/pages"}],"about":[{"href":"https:\/\/nightanimation.com\/index.php?rest_route=\/wp\/v2\/types\/page"}],"author":[{"embeddable":true,"href":"https:\/\/nightanimation.com\/index.php?rest_route=\/wp\/v2\/users\/1"}],"replies":[{"embeddable":true,"href":"https:\/\/nightanimation.com\/index.php?rest_route=%2Fwp%2Fv2%2Fcomments&post=192"}],"version-history":[{"count":23,"href":"https:\/\/nightanimation.com\/index.php?rest_route=\/wp\/v2\/pages\/192\/revisions"}],"predecessor-version":[{"id":958,"href":"https:\/\/nightanimation.com\/index.php?rest_route=\/wp\/v2\/pages\/192\/revisions\/958"}],"up":[{"embeddable":true,"href":"https:\/\/nightanimation.com\/index.php?rest_route=\/wp\/v2\/pages\/168"}],"wp:attachment":[{"href":"https:\/\/nightanimation.com\/index.php?rest_route=%2Fwp%2Fv2%2Fmedia&parent=192"}],"curies":[{"name":"wp","href":"https:\/\/api.w.org\/{rel}","templated":true}]}}